{"id":532,"date":"2017-06-22T08:56:23","date_gmt":"2017-06-22T12:56:23","guid":{"rendered":"http:\/\/proactivebrokers.ca\/?page_id=532"},"modified":"2017-09-28T11:36:48","modified_gmt":"2017-09-28T15:36:48","slug":"11-raisons-pour-enumerer-votre-maison","status":"publish","type":"page","link":"https:\/\/proactivebrokers.ca\/en\/outils\/11-raisons-pour-enumerer-votre-maison\/","title":{"rendered":"11 reason why you should not wait"},"content":{"rendered":"<p><\/p>\n<div class='row zone-onze'> <div class=\"heading h1 tool-guides-title text-align-center\"><span> 11 reason why you should not wait after Christmas Holidays to place your house on the market <\/span><span class=\"posttext\">Register your e-mail to receive the brochure!<\/span><div class=\"post-heading\"><\/div><\/div> <form method=\"GET\"><div class=\"aliquando-form tool-forms\" data-destination=\"Y291cnRpZXJzcHJvYWN0aWZAZ21haWwuY29t\"  data-message-title=\"RGVtYW5kZSBkdSBHdWlkZSAxMSByZWFzb25z\" data-destination-type=\"email\" ><ul class=\"form-item-list\"> <li  class=\"form-item item-type-text\" data-item-type=\"text\" data-key=\"your-name\"><label>Your name<\/label><div class=\"hints\"><\/div><div class=\"ali-input-container\"><input  type=\"text\" id=\"your-name\" name=\"your-name\" placeholder=\"\" value=\"\" \/><\/div><\/li> <li  class=\"form-item item-type-text validate\" data-item-type=\"text\" data-key=\"your-email\" data-validate-type=\"email\"><label>Your email<\/label><div class=\"hints\"><span class=\"validate\">This email is invalid<\/span><\/div><div class=\"ali-input-container\"><input  type=\"text\" id=\"your-email\" name=\"your-email\" placeholder=\"\" value=\"\" \/><\/div><\/li> <\/ul><button class=\"button submit\" type=\"button\">Submit<\/button><div class=\"form-results\"><div class=\"success\"><div class=\"heading h3 \"><span>Got it!<\/span><div class=\"post-heading\"><\/div><\/div>Your message has been sent<\/div><div class=\"error\">Error<\/div><\/div><div class=\"note_success\"><div class=\"heading h2 text-align-center\"><span>While we're here<\/span><div class=\"post-heading\"><\/div><\/div><p class=\"text-align-center\"><p>To ensure good communication between you and your broker,<br \/>it is <strong>important to regularly check<\/strong> your spam folder.<\/p><p>The first step would be to authorize emails from <strong>&#99;hant&#97;lb&#64;&#114;&#101;&#109;&#97;&#120;&#45;qu&#101;b&#101;&#99;&#46;&#99;om<\/strong>.<\/p><p>To learn more about the configuration of antispam filters, <a target=\"_blank\" href=\"https:\/\/www.google.ca\/search?q=how+to+whitelist+domain+in+gmail\">click here<\/a>.<\/p><\/p><button type=\"button\" class=\"ali-close-button button\">Got it<\/button><\/div><\/div><\/form> <img decoding=\"async\" class=\"tool-logo\" src=\"\/files\/2017\/06\/tool-page-Logo.png\" alt=\"\" \/> <\/div>\n<p><\/p>","protected":false},"excerpt":{"rendered":"","protected":false},"author":121,"featured_media":0,"parent":226,"menu_order":0,"comment_status":"closed","ping_status":"closed","template":"","meta":{"_acf_changed":false,"footnotes":""},"class_list":["post-532","page","type-page","status-publish","hentry"],"acf":[],"yoast_head":"<!-- This site is optimized with the Yoast SEO plugin v26.7 - https:\/\/yoast.com\/wordpress\/plugins\/seo\/ -->\n<title>11 reason why you should not wait - Chantal Bouzaglo - Remax Qu\u00e9bec<\/title>\n<meta name=\"robots\" content=\"index, follow, max-snippet:-1, max-image-preview:large, max-video-preview:-1\" \/>\n<link rel=\"canonical\" href=\"https:\/\/proactivebrokers.ca\/outils\/11-raisons-pour-enumerer-votre-maison\/\" \/>\n<meta property=\"og:locale\" content=\"en_US\" \/>\n<meta property=\"og:type\" content=\"article\" \/>\n<meta property=\"og:title\" content=\"11 reason why you should not wait - Chantal Bouzaglo - Remax Qu\u00e9bec\" \/>\n<meta property=\"og:url\" content=\"https:\/\/proactivebrokers.ca\/outils\/11-raisons-pour-enumerer-votre-maison\/\" \/>\n<meta property=\"og:site_name\" content=\"Chantal Bouzaglo - Remax Qu\u00e9bec\" \/>\n<meta property=\"article:publisher\" content=\"https:\/\/business.facebook.com\/Ewelina-Barbara-Pawlak-Courtier-immobilier-664880277043501\/?business_id=864810490311009\" \/>\n<meta property=\"article:modified_time\" content=\"2017-09-28T15:36:48+00:00\" \/>\n<meta name=\"twitter:card\" content=\"summary_large_image\" \/>\n<meta name=\"twitter:site\" content=\"@Ephappygirl\" \/>\n<meta name=\"twitter:label1\" content=\"Est. reading time\" \/>\n\t<meta name=\"twitter:data1\" content=\"1 minute\" \/>\n<script type=\"application\/ld+json\" class=\"yoast-schema-graph\">{\"@context\":\"https:\/\/schema.org\",\"@graph\":[{\"@type\":\"WebPage\",\"@id\":\"https:\/\/proactivebrokers.ca\/outils\/11-raisons-pour-enumerer-votre-maison\/\",\"url\":\"https:\/\/proactivebrokers.ca\/outils\/11-raisons-pour-enumerer-votre-maison\/\",\"name\":\"[:fr]11 raisons d'inscrire votre propri\u00e9t\u00e9 durant la p\u00e9riode des f\u00eates[:en]11 reason why you should not wait[:] - Chantal Bouzaglo - Remax Qu\u00e9bec\",\"isPartOf\":{\"@id\":\"https:\/\/proactivebrokers.ca\/en\/#website\"},\"datePublished\":\"2017-06-22T12:56:23+00:00\",\"dateModified\":\"2017-09-28T15:36:48+00:00\",\"breadcrumb\":{\"@id\":\"https:\/\/proactivebrokers.ca\/outils\/11-raisons-pour-enumerer-votre-maison\/#breadcrumb\"},\"inLanguage\":\"en-US\",\"potentialAction\":[{\"@type\":\"ReadAction\",\"target\":[\"https:\/\/proactivebrokers.ca\/outils\/11-raisons-pour-enumerer-votre-maison\/\"]}]},{\"@type\":\"BreadcrumbList\",\"@id\":\"https:\/\/proactivebrokers.ca\/outils\/11-raisons-pour-enumerer-votre-maison\/#breadcrumb\",\"itemListElement\":[{\"@type\":\"ListItem\",\"position\":1,\"name\":\"Accueil\",\"item\":\"https:\/\/proactivebrokers.ca\/en\/\"},{\"@type\":\"ListItem\",\"position\":2,\"name\":\"Tools\",\"item\":\"https:\/\/proactivebrokers.ca\/en\/outils\/\"},{\"@type\":\"ListItem\",\"position\":3,\"name\":\"11 raisons d&rsquo;inscrire votre propri\u00e9t\u00e9 durant la p\u00e9riode des f\u00eates\"}]},{\"@type\":\"WebSite\",\"@id\":\"https:\/\/proactivebrokers.ca\/en\/#website\",\"url\":\"https:\/\/proactivebrokers.ca\/en\/\",\"name\":\"Chantal Bouzaglo - Remax Qu\u00e9bec\",\"description\":\"Real Estate Brokers\",\"potentialAction\":[{\"@type\":\"SearchAction\",\"target\":{\"@type\":\"EntryPoint\",\"urlTemplate\":\"https:\/\/proactivebrokers.ca\/en\/?s={search_term_string}\"},\"query-input\":{\"@type\":\"PropertyValueSpecification\",\"valueRequired\":true,\"valueName\":\"search_term_string\"}}],\"inLanguage\":\"en-US\"}]}<\/script>\n<!-- \/ Yoast SEO plugin. -->","yoast_head_json":{"title":"11 reason why you should not wait - Chantal Bouzaglo - Remax Qu\u00e9bec","robots":{"index":"index","follow":"follow","max-snippet":"max-snippet:-1","max-image-preview":"max-image-preview:large","max-video-preview":"max-video-preview:-1"},"canonical":"https:\/\/proactivebrokers.ca\/outils\/11-raisons-pour-enumerer-votre-maison\/","og_locale":"en_US","og_type":"article","og_title":"11 reason why you should not wait - Chantal Bouzaglo - Remax Qu\u00e9bec","og_url":"https:\/\/proactivebrokers.ca\/outils\/11-raisons-pour-enumerer-votre-maison\/","og_site_name":"Chantal Bouzaglo - Remax Qu\u00e9bec","article_publisher":"https:\/\/business.facebook.com\/Ewelina-Barbara-Pawlak-Courtier-immobilier-664880277043501\/?business_id=864810490311009","article_modified_time":"2017-09-28T15:36:48+00:00","twitter_card":"summary_large_image","twitter_site":"@Ephappygirl","twitter_misc":{"Est. reading time":"1 minute"},"schema":{"@context":"https:\/\/schema.org","@graph":[{"@type":"WebPage","@id":"https:\/\/proactivebrokers.ca\/outils\/11-raisons-pour-enumerer-votre-maison\/","url":"https:\/\/proactivebrokers.ca\/outils\/11-raisons-pour-enumerer-votre-maison\/","name":"[:fr]11 raisons d'inscrire votre propri\u00e9t\u00e9 durant la p\u00e9riode des f\u00eates[:en]11 reason why you should not wait[:] - Chantal Bouzaglo - Remax Qu\u00e9bec","isPartOf":{"@id":"https:\/\/proactivebrokers.ca\/en\/#website"},"datePublished":"2017-06-22T12:56:23+00:00","dateModified":"2017-09-28T15:36:48+00:00","breadcrumb":{"@id":"https:\/\/proactivebrokers.ca\/outils\/11-raisons-pour-enumerer-votre-maison\/#breadcrumb"},"inLanguage":"en-US","potentialAction":[{"@type":"ReadAction","target":["https:\/\/proactivebrokers.ca\/outils\/11-raisons-pour-enumerer-votre-maison\/"]}]},{"@type":"BreadcrumbList","@id":"https:\/\/proactivebrokers.ca\/outils\/11-raisons-pour-enumerer-votre-maison\/#breadcrumb","itemListElement":[{"@type":"ListItem","position":1,"name":"Accueil","item":"https:\/\/proactivebrokers.ca\/en\/"},{"@type":"ListItem","position":2,"name":"Tools","item":"https:\/\/proactivebrokers.ca\/en\/outils\/"},{"@type":"ListItem","position":3,"name":"11 raisons d&rsquo;inscrire votre propri\u00e9t\u00e9 durant la p\u00e9riode des f\u00eates"}]},{"@type":"WebSite","@id":"https:\/\/proactivebrokers.ca\/en\/#website","url":"https:\/\/proactivebrokers.ca\/en\/","name":"Chantal Bouzaglo - Remax Qu\u00e9bec","description":"Real Estate Brokers","potentialAction":[{"@type":"SearchAction","target":{"@type":"EntryPoint","urlTemplate":"https:\/\/proactivebrokers.ca\/en\/?s={search_term_string}"},"query-input":{"@type":"PropertyValueSpecification","valueRequired":true,"valueName":"search_term_string"}}],"inLanguage":"en-US"}]}},"_links":{"self":[{"href":"https:\/\/proactivebrokers.ca\/en\/wp-json\/wp\/v2\/pages\/532","targetHints":{"allow":["GET"]}}],"collection":[{"href":"https:\/\/proactivebrokers.ca\/en\/wp-json\/wp\/v2\/pages"}],"about":[{"href":"https:\/\/proactivebrokers.ca\/en\/wp-json\/wp\/v2\/types\/page"}],"author":[{"embeddable":true,"href":"https:\/\/proactivebrokers.ca\/en\/wp-json\/wp\/v2\/users\/121"}],"replies":[{"embeddable":true,"href":"https:\/\/proactivebrokers.ca\/en\/wp-json\/wp\/v2\/comments?post=532"}],"version-history":[{"count":2,"href":"https:\/\/proactivebrokers.ca\/en\/wp-json\/wp\/v2\/pages\/532\/revisions"}],"predecessor-version":[{"id":577,"href":"https:\/\/proactivebrokers.ca\/en\/wp-json\/wp\/v2\/pages\/532\/revisions\/577"}],"up":[{"embeddable":true,"href":"https:\/\/proactivebrokers.ca\/en\/wp-json\/wp\/v2\/pages\/226"}],"wp:attachment":[{"href":"https:\/\/proactivebrokers.ca\/en\/wp-json\/wp\/v2\/media?parent=532"}],"curies":[{"name":"wp","href":"https:\/\/api.w.org\/{rel}","templated":true}]}}